{"id":3354,"date":"2014-10-31T13:31:51","date_gmt":"2014-10-31T12:31:51","guid":{"rendered":"http:\/\/www.marklmiura.com\/product\/toto-bag-2\/"},"modified":"2018-08-22T13:32:45","modified_gmt":"2018-08-22T11:32:45","slug":"tote-bag","status":"publish","type":"product","link":"https:\/\/www.marklmiura.com\/de\/produkt\/tote-bag\/","title":{"rendered":"TOTE BAG"},"content":{"rendered":"<p>Unsere minimalistische TOTE BAG wird aus einem robustem Leinen\/Baumwoll Stoff hergestellt.\u00a0Sie ist mit einem Magnet Verschluss und einer Innentasche f\u00fcr kleine Utensilien ausgestattet.\u00a0Die Griffe, sind mit Handvern\u00e4htem Leder verst\u00e4rkt.\u00a0Ideal f\u00fcr den Gang zum Markt, f\u00fcr`s Picknick oder zum verstauen von allerlei Dingen im Haus.<\/p>\n<p>Gr\u00f6\u00dfe: 38 \u00d7 32 \u00d7 20 cm (B \u00d7 H \u00d7 T)<br \/>\nGriff: 30 cm<br \/>\nInnentasche: 19 \u00d7 14 cm (B \u00d7 H)<\/p>\n<p><a title=\"Customer service\" href=\"http:\/\/www.marklmiura.com\/de\/unser-service\/#service-care \">Pflegehinweise<\/a><\/p>\n","protected":false},"excerpt":{"rendered":"<p>Unsere minimalistische TOTE BAG wird aus einem robustem Leinen\/Baumwoll Stoff hergestellt.\u00a0Sie ist mit einem Magnet Verschluss und einer Innentasche f\u00fcr kleine Utensilien ausgestattet.\u00a0Die Griffe, sind mit Handvern\u00e4htem Leder verst\u00e4rkt.\u00a0Ideal f\u00fcr den Gang zum Markt, f\u00fcr`s Picknick oder zum verstauen von allerlei Dingen im Haus.<\/p>\n<p>Gr\u00f6\u00dfe: 38 \u00d7 32 \u00d7 20 cm (B \u00d7 H \u00d7 T)<br \/>\nGriff: 30 cm<br \/>\nInnentasche: 19 \u00d7 14 cm (B \u00d7 H)<\/p>\n<p><a title=\"Customer service\" href=\"http:\/\/www.marklmiura.com\/de\/unser-service\/#service-care \">Pflegehinweise<\/a><\/p>\n","protected":false},"featured_media":4647,"comment_status":"closed","ping_status":"closed","template":"","meta":[],"product_brand":[],"product_cat":[119],"product_tag":[],"class_list":{"0":"post-3354","1":"product","2":"type-product","3":"status-publish","4":"has-post-thumbnail","6":"product_cat-alle","7":"product_shipping_class-large-de","9":"first","10":"instock","11":"taxable","12":"shipping-taxable","13":"purchasable","14":"product-type-simple"},"yoast_head":"<!-- This site is optimized with the Yoast SEO plugin v27.5 - https:\/\/yoast.com\/product\/yoast-seo-wordpress\/ -->\n<title>TOTE BAG - marklmiura<\/title>\n<meta name=\"description\" content=\"Unsere minimalistische TOTE BAG wird aus einem robustem Leinen\/Baumwoll Stoff hergestellt. Sie ist mit einem Magnet Verschluss und einer Innentasche f\u00fcr kleine Utensilien ausgestattet.\" \/>\n<meta name=\"robots\" content=\"index, follow, max-snippet:-1, max-image-preview:large, max-video-preview:-1\" \/>\n<link rel=\"canonical\" href=\"https:\/\/www.marklmiura.com\/de\/produkt\/tote-bag\/\" \/>\n<meta property=\"og:locale\" content=\"de_DE\" \/>\n<meta property=\"og:type\" content=\"article\" \/>\n<meta property=\"og:title\" content=\"TOTE BAG - marklmiura\" \/>\n<meta property=\"og:description\" content=\"Unsere minimalistische TOTE BAG wird aus einem robustem Leinen\/Baumwoll Stoff hergestellt. Sie ist mit einem Magnet Verschluss und einer Innentasche f\u00fcr kleine Utensilien ausgestattet.\" \/>\n<meta property=\"og:url\" content=\"https:\/\/www.marklmiura.com\/de\/produkt\/tote-bag\/\" \/>\n<meta property=\"og:site_name\" content=\"marklmiura\" \/>\n<meta property=\"article:modified_time\" content=\"2018-08-22T11:32:45+00:00\" \/>\n<meta property=\"og:image\" content=\"https:\/\/www.marklmiura.com\/wp-content\/uploads\/2015\/02\/ako20141108177_FM.jpg\" \/>\n\t<meta property=\"og:image:width\" content=\"1200\" \/>\n\t<meta property=\"og:image:height\" content=\"1200\" \/>\n\t<meta property=\"og:image:type\" content=\"image\/jpeg\" \/>\n<script type=\"application\/ld+json\" class=\"yoast-schema-graph\">{\"@context\":\"https:\\\/\\\/schema.org\",\"@graph\":[{\"@type\":\"WebPage\",\"@id\":\"https:\\\/\\\/www.marklmiura.com\\\/de\\\/produkt\\\/tote-bag\\\/\",\"url\":\"https:\\\/\\\/www.marklmiura.com\\\/de\\\/produkt\\\/tote-bag\\\/\",\"name\":\"TOTE BAG - marklmiura\",\"isPartOf\":{\"@id\":\"https:\\\/\\\/www.marklmiura.com\\\/de\\\/#website\"},\"primaryImageOfPage\":{\"@id\":\"https:\\\/\\\/www.marklmiura.com\\\/de\\\/produkt\\\/tote-bag\\\/#primaryimage\"},\"image\":{\"@id\":\"https:\\\/\\\/www.marklmiura.com\\\/de\\\/produkt\\\/tote-bag\\\/#primaryimage\"},\"thumbnailUrl\":\"https:\\\/\\\/www.marklmiura.com\\\/wp-content\\\/uploads\\\/2015\\\/02\\\/ako20141108177_FM.jpg\",\"datePublished\":\"2014-10-31T12:31:51+00:00\",\"dateModified\":\"2018-08-22T11:32:45+00:00\",\"description\":\"Unsere minimalistische TOTE BAG wird aus einem robustem Leinen\\\/Baumwoll Stoff hergestellt. Sie ist mit einem Magnet Verschluss und einer Innentasche f\u00fcr kleine Utensilien ausgestattet.\",\"breadcrumb\":{\"@id\":\"https:\\\/\\\/www.marklmiura.com\\\/de\\\/produkt\\\/tote-bag\\\/#breadcrumb\"},\"inLanguage\":\"de\",\"potentialAction\":[{\"@type\":\"ReadAction\",\"target\":[\"https:\\\/\\\/www.marklmiura.com\\\/de\\\/produkt\\\/tote-bag\\\/\"]}]},{\"@type\":\"ImageObject\",\"inLanguage\":\"de\",\"@id\":\"https:\\\/\\\/www.marklmiura.com\\\/de\\\/produkt\\\/tote-bag\\\/#primaryimage\",\"url\":\"https:\\\/\\\/www.marklmiura.com\\\/wp-content\\\/uploads\\\/2015\\\/02\\\/ako20141108177_FM.jpg\",\"contentUrl\":\"https:\\\/\\\/www.marklmiura.com\\\/wp-content\\\/uploads\\\/2015\\\/02\\\/ako20141108177_FM.jpg\",\"width\":1200,\"height\":1200,\"caption\":\"TOTE BAG (Tote bag\\\/Tragetasche) #1\"},{\"@type\":\"BreadcrumbList\",\"@id\":\"https:\\\/\\\/www.marklmiura.com\\\/de\\\/produkt\\\/tote-bag\\\/#breadcrumb\",\"itemListElement\":[{\"@type\":\"ListItem\",\"position\":1,\"name\":\"Home\",\"item\":\"https:\\\/\\\/www.marklmiura.com\\\/de\\\/\"},{\"@type\":\"ListItem\",\"position\":2,\"name\":\"Shop\",\"item\":\"https:\\\/\\\/www.marklmiura.com\\\/de\\\/shop\\\/\"},{\"@type\":\"ListItem\",\"position\":3,\"name\":\"TOTE BAG\"}]},{\"@type\":\"WebSite\",\"@id\":\"https:\\\/\\\/www.marklmiura.com\\\/de\\\/#website\",\"url\":\"https:\\\/\\\/www.marklmiura.com\\\/de\\\/\",\"name\":\"marklmiura\",\"description\":\"\",\"potentialAction\":[{\"@type\":\"SearchAction\",\"target\":{\"@type\":\"EntryPoint\",\"urlTemplate\":\"https:\\\/\\\/www.marklmiura.com\\\/de\\\/?s={search_term_string}\"},\"query-input\":{\"@type\":\"PropertyValueSpecification\",\"valueRequired\":true,\"valueName\":\"search_term_string\"}}],\"inLanguage\":\"de\"}]}<\/script>\n<!-- \/ Yoast SEO plugin. -->","yoast_head_json":{"title":"TOTE BAG - marklmiura","description":"Unsere minimalistische TOTE BAG wird aus einem robustem Leinen\/Baumwoll Stoff hergestellt. Sie ist mit einem Magnet Verschluss und einer Innentasche f\u00fcr kleine Utensilien ausgestattet.","robots":{"index":"index","follow":"follow","max-snippet":"max-snippet:-1","max-image-preview":"max-image-preview:large","max-video-preview":"max-video-preview:-1"},"canonical":"https:\/\/www.marklmiura.com\/de\/produkt\/tote-bag\/","og_locale":"de_DE","og_type":"article","og_title":"TOTE BAG - marklmiura","og_description":"Unsere minimalistische TOTE BAG wird aus einem robustem Leinen\/Baumwoll Stoff hergestellt. Sie ist mit einem Magnet Verschluss und einer Innentasche f\u00fcr kleine Utensilien ausgestattet.","og_url":"https:\/\/www.marklmiura.com\/de\/produkt\/tote-bag\/","og_site_name":"marklmiura","article_modified_time":"2018-08-22T11:32:45+00:00","og_image":[{"width":1200,"height":1200,"url":"https:\/\/www.marklmiura.com\/wp-content\/uploads\/2015\/02\/ako20141108177_FM.jpg","type":"image\/jpeg"}],"schema":{"@context":"https:\/\/schema.org","@graph":[{"@type":"WebPage","@id":"https:\/\/www.marklmiura.com\/de\/produkt\/tote-bag\/","url":"https:\/\/www.marklmiura.com\/de\/produkt\/tote-bag\/","name":"TOTE BAG - marklmiura","isPartOf":{"@id":"https:\/\/www.marklmiura.com\/de\/#website"},"primaryImageOfPage":{"@id":"https:\/\/www.marklmiura.com\/de\/produkt\/tote-bag\/#primaryimage"},"image":{"@id":"https:\/\/www.marklmiura.com\/de\/produkt\/tote-bag\/#primaryimage"},"thumbnailUrl":"https:\/\/www.marklmiura.com\/wp-content\/uploads\/2015\/02\/ako20141108177_FM.jpg","datePublished":"2014-10-31T12:31:51+00:00","dateModified":"2018-08-22T11:32:45+00:00","description":"Unsere minimalistische TOTE BAG wird aus einem robustem Leinen\/Baumwoll Stoff hergestellt. Sie ist mit einem Magnet Verschluss und einer Innentasche f\u00fcr kleine Utensilien ausgestattet.","breadcrumb":{"@id":"https:\/\/www.marklmiura.com\/de\/produkt\/tote-bag\/#breadcrumb"},"inLanguage":"de","potentialAction":[{"@type":"ReadAction","target":["https:\/\/www.marklmiura.com\/de\/produkt\/tote-bag\/"]}]},{"@type":"ImageObject","inLanguage":"de","@id":"https:\/\/www.marklmiura.com\/de\/produkt\/tote-bag\/#primaryimage","url":"https:\/\/www.marklmiura.com\/wp-content\/uploads\/2015\/02\/ako20141108177_FM.jpg","contentUrl":"https:\/\/www.marklmiura.com\/wp-content\/uploads\/2015\/02\/ako20141108177_FM.jpg","width":1200,"height":1200,"caption":"TOTE BAG (Tote bag\/Tragetasche) #1"},{"@type":"BreadcrumbList","@id":"https:\/\/www.marklmiura.com\/de\/produkt\/tote-bag\/#breadcrumb","itemListElement":[{"@type":"ListItem","position":1,"name":"Home","item":"https:\/\/www.marklmiura.com\/de\/"},{"@type":"ListItem","position":2,"name":"Shop","item":"https:\/\/www.marklmiura.com\/de\/shop\/"},{"@type":"ListItem","position":3,"name":"TOTE BAG"}]},{"@type":"WebSite","@id":"https:\/\/www.marklmiura.com\/de\/#website","url":"https:\/\/www.marklmiura.com\/de\/","name":"marklmiura","description":"","potentialAction":[{"@type":"SearchAction","target":{"@type":"EntryPoint","urlTemplate":"https:\/\/www.marklmiura.com\/de\/?s={search_term_string}"},"query-input":{"@type":"PropertyValueSpecification","valueRequired":true,"valueName":"search_term_string"}}],"inLanguage":"de"}]}},"_links":{"self":[{"href":"https:\/\/www.marklmiura.com\/de\/wp-json\/wp\/v2\/product\/3354","targetHints":{"allow":["GET"]}}],"collection":[{"href":"https:\/\/www.marklmiura.com\/de\/wp-json\/wp\/v2\/product"}],"about":[{"href":"https:\/\/www.marklmiura.com\/de\/wp-json\/wp\/v2\/types\/product"}],"replies":[{"embeddable":true,"href":"https:\/\/www.marklmiura.com\/de\/wp-json\/wp\/v2\/comments?post=3354"}],"wp:featuredmedia":[{"embeddable":true,"href":"https:\/\/www.marklmiura.com\/de\/wp-json\/wp\/v2\/media\/4647"}],"wp:attachment":[{"href":"https:\/\/www.marklmiura.com\/de\/wp-json\/wp\/v2\/media?parent=3354"}],"wp:term":[{"taxonomy":"product_brand","embeddable":true,"href":"https:\/\/www.marklmiura.com\/de\/wp-json\/wp\/v2\/product_brand?post=3354"},{"taxonomy":"product_cat","embeddable":true,"href":"https:\/\/www.marklmiura.com\/de\/wp-json\/wp\/v2\/product_cat?post=3354"},{"taxonomy":"product_tag","embeddable":true,"href":"https:\/\/www.marklmiura.com\/de\/wp-json\/wp\/v2\/product_tag?post=3354"}],"curies":[{"name":"wp","href":"https:\/\/api.w.org\/{rel}","templated":true}]}}