{"id":3340,"date":"2014-10-31T14:15:21","date_gmt":"2014-10-31T13:15:21","guid":{"rendered":"http:\/\/www.marklmiura.com\/?post_type=product&#038;p=3340"},"modified":"2023-11-23T00:09:37","modified_gmt":"2023-11-22T23:09:37","slug":"bell-natur-klein","status":"publish","type":"product","link":"https:\/\/www.marklmiura.com\/de\/produkt\/bell-natur-klein\/","title":{"rendered":"BELL natur klein"},"content":{"rendered":"<p>Einfaches und praktisches Schl\u00fcsseletui aus handvern\u00e4htem weichem Leder, fasst in der kleinen Version etwa drei bis vier, in der gro\u00dfen, etwa f\u00fcnf bis sechs Schl\u00fcssel. Sch\u00fctzt die Hosentasche vor scharfkantigen Schl\u00fcsseln, oder l\u00e4sst sich zum einfacheren Wiederfinden in einer Tasche befestigen.<\/p>\n<p>Gr\u00f6\u00dfe (klein): 4,5\u20138 \u00d7 7 cm (B \u00d7 H)<br \/>\nSchnur: 45 cm<br \/>\nRing: \u22052,5 cm<\/p>\n<p><a title=\"Customer service\" href=\"http:\/\/www.marklmiura.com\/de\/unser-service\/#service-care \">Pflegehinweise<\/a><\/p>\n","protected":false},"excerpt":{"rendered":"<p>Einfaches und praktisches Schl\u00fcsseletui aus handvern\u00e4htem weichem Leder, fasst in der kleinen Version etwa drei bis vier, in der gro\u00dfen, etwa f\u00fcnf bis sechs Schl\u00fcssel. Sch\u00fctzt die Hosentasche vor scharfkantigen Schl\u00fcsseln, oder l\u00e4sst sich zum einfacheren Wiederfinden in einer Tasche befestigen.<\/p>\n<p>Gr\u00f6\u00dfe (klein): 4,5\u20138 \u00d7 7 cm (B \u00d7 H)<br \/>\nSchnur: 45 cm<br \/>\nRing: \u22052,5 cm<\/p>\n<p><a title=\"Customer service\" href=\"http:\/\/www.marklmiura.com\/de\/unser-service\/#service-care \">Pflegehinweise<\/a><\/p>\n","protected":false},"featured_media":4633,"comment_status":"closed","ping_status":"closed","template":"","meta":[],"product_brand":[],"product_cat":[119],"product_tag":[],"class_list":{"0":"post-3340","1":"product","2":"type-product","3":"status-publish","4":"has-post-thumbnail","6":"product_cat-alle","7":"product_shipping_class-small-de","9":"first","10":"instock","11":"taxable","12":"shipping-taxable","13":"purchasable","14":"product-type-simple"},"yoast_head":"<!-- This site is optimized with the Yoast SEO plugin v27.5 - https:\/\/yoast.com\/product\/yoast-seo-wordpress\/ -->\n<title>BELL natur klein - marklmiura<\/title>\n<meta name=\"description\" content=\"Einfaches und praktisches Schl\u00fcsseletui aus handvern\u00e4htem Lederfaserstoff, fasst in der kleinen Version etwa drei bis vier, in der gro\u00dfen, etwa f\u00fcnf bis sechs Schl\u00fcssel.\" \/>\n<meta name=\"robots\" content=\"index, follow, max-snippet:-1, max-image-preview:large, max-video-preview:-1\" \/>\n<link rel=\"canonical\" href=\"https:\/\/www.marklmiura.com\/de\/produkt\/bell-natur-klein\/\" \/>\n<meta property=\"og:locale\" content=\"de_DE\" \/>\n<meta property=\"og:type\" content=\"article\" \/>\n<meta property=\"og:title\" content=\"BELL natur klein - marklmiura\" \/>\n<meta property=\"og:description\" content=\"Einfaches und praktisches Schl\u00fcsseletui aus handvern\u00e4htem Lederfaserstoff, fasst in der kleinen Version etwa drei bis vier, in der gro\u00dfen, etwa f\u00fcnf bis sechs Schl\u00fcssel.\" \/>\n<meta property=\"og:url\" content=\"https:\/\/www.marklmiura.com\/de\/produkt\/bell-natur-klein\/\" \/>\n<meta property=\"og:site_name\" content=\"marklmiura\" \/>\n<meta property=\"article:modified_time\" content=\"2023-11-22T23:09:37+00:00\" \/>\n<meta property=\"og:image\" content=\"https:\/\/www.marklmiura.com\/wp-content\/uploads\/2015\/02\/ako20141126102_FM.jpg\" \/>\n\t<meta property=\"og:image:width\" content=\"1200\" \/>\n\t<meta property=\"og:image:height\" content=\"1200\" \/>\n\t<meta property=\"og:image:type\" content=\"image\/jpeg\" \/>\n<script type=\"application\/ld+json\" class=\"yoast-schema-graph\">{\"@context\":\"https:\\\/\\\/schema.org\",\"@graph\":[{\"@type\":\"WebPage\",\"@id\":\"https:\\\/\\\/www.marklmiura.com\\\/de\\\/produkt\\\/bell-natur-klein\\\/\",\"url\":\"https:\\\/\\\/www.marklmiura.com\\\/de\\\/produkt\\\/bell-natur-klein\\\/\",\"name\":\"BELL natur klein - marklmiura\",\"isPartOf\":{\"@id\":\"https:\\\/\\\/www.marklmiura.com\\\/de\\\/#website\"},\"primaryImageOfPage\":{\"@id\":\"https:\\\/\\\/www.marklmiura.com\\\/de\\\/produkt\\\/bell-natur-klein\\\/#primaryimage\"},\"image\":{\"@id\":\"https:\\\/\\\/www.marklmiura.com\\\/de\\\/produkt\\\/bell-natur-klein\\\/#primaryimage\"},\"thumbnailUrl\":\"https:\\\/\\\/www.marklmiura.com\\\/wp-content\\\/uploads\\\/2015\\\/02\\\/ako20141126102_FM.jpg\",\"datePublished\":\"2014-10-31T13:15:21+00:00\",\"dateModified\":\"2023-11-22T23:09:37+00:00\",\"description\":\"Einfaches und praktisches Schl\u00fcsseletui aus handvern\u00e4htem Lederfaserstoff, fasst in der kleinen Version etwa drei bis vier, in der gro\u00dfen, etwa f\u00fcnf bis sechs Schl\u00fcssel.\",\"breadcrumb\":{\"@id\":\"https:\\\/\\\/www.marklmiura.com\\\/de\\\/produkt\\\/bell-natur-klein\\\/#breadcrumb\"},\"inLanguage\":\"de\",\"potentialAction\":[{\"@type\":\"ReadAction\",\"target\":[\"https:\\\/\\\/www.marklmiura.com\\\/de\\\/produkt\\\/bell-natur-klein\\\/\"]}]},{\"@type\":\"ImageObject\",\"inLanguage\":\"de\",\"@id\":\"https:\\\/\\\/www.marklmiura.com\\\/de\\\/produkt\\\/bell-natur-klein\\\/#primaryimage\",\"url\":\"https:\\\/\\\/www.marklmiura.com\\\/wp-content\\\/uploads\\\/2015\\\/02\\\/ako20141126102_FM.jpg\",\"contentUrl\":\"https:\\\/\\\/www.marklmiura.com\\\/wp-content\\\/uploads\\\/2015\\\/02\\\/ako20141126102_FM.jpg\",\"width\":1200,\"height\":1200,\"caption\":\"BELL natur (Key holder\\\/Schl\u00fcsseletui) #1\"},{\"@type\":\"BreadcrumbList\",\"@id\":\"https:\\\/\\\/www.marklmiura.com\\\/de\\\/produkt\\\/bell-natur-klein\\\/#breadcrumb\",\"itemListElement\":[{\"@type\":\"ListItem\",\"position\":1,\"name\":\"Home\",\"item\":\"https:\\\/\\\/www.marklmiura.com\\\/de\\\/\"},{\"@type\":\"ListItem\",\"position\":2,\"name\":\"Shop\",\"item\":\"https:\\\/\\\/www.marklmiura.com\\\/de\\\/shop\\\/\"},{\"@type\":\"ListItem\",\"position\":3,\"name\":\"BELL natur klein\"}]},{\"@type\":\"WebSite\",\"@id\":\"https:\\\/\\\/www.marklmiura.com\\\/de\\\/#website\",\"url\":\"https:\\\/\\\/www.marklmiura.com\\\/de\\\/\",\"name\":\"marklmiura\",\"description\":\"\",\"potentialAction\":[{\"@type\":\"SearchAction\",\"target\":{\"@type\":\"EntryPoint\",\"urlTemplate\":\"https:\\\/\\\/www.marklmiura.com\\\/de\\\/?s={search_term_string}\"},\"query-input\":{\"@type\":\"PropertyValueSpecification\",\"valueRequired\":true,\"valueName\":\"search_term_string\"}}],\"inLanguage\":\"de\"}]}<\/script>\n<!-- \/ Yoast SEO plugin. -->","yoast_head_json":{"title":"BELL natur klein - marklmiura","description":"Einfaches und praktisches Schl\u00fcsseletui aus handvern\u00e4htem Lederfaserstoff, fasst in der kleinen Version etwa drei bis vier, in der gro\u00dfen, etwa f\u00fcnf bis sechs Schl\u00fcssel.","robots":{"index":"index","follow":"follow","max-snippet":"max-snippet:-1","max-image-preview":"max-image-preview:large","max-video-preview":"max-video-preview:-1"},"canonical":"https:\/\/www.marklmiura.com\/de\/produkt\/bell-natur-klein\/","og_locale":"de_DE","og_type":"article","og_title":"BELL natur klein - marklmiura","og_description":"Einfaches und praktisches Schl\u00fcsseletui aus handvern\u00e4htem Lederfaserstoff, fasst in der kleinen Version etwa drei bis vier, in der gro\u00dfen, etwa f\u00fcnf bis sechs Schl\u00fcssel.","og_url":"https:\/\/www.marklmiura.com\/de\/produkt\/bell-natur-klein\/","og_site_name":"marklmiura","article_modified_time":"2023-11-22T23:09:37+00:00","og_image":[{"width":1200,"height":1200,"url":"https:\/\/www.marklmiura.com\/wp-content\/uploads\/2015\/02\/ako20141126102_FM.jpg","type":"image\/jpeg"}],"schema":{"@context":"https:\/\/schema.org","@graph":[{"@type":"WebPage","@id":"https:\/\/www.marklmiura.com\/de\/produkt\/bell-natur-klein\/","url":"https:\/\/www.marklmiura.com\/de\/produkt\/bell-natur-klein\/","name":"BELL natur klein - marklmiura","isPartOf":{"@id":"https:\/\/www.marklmiura.com\/de\/#website"},"primaryImageOfPage":{"@id":"https:\/\/www.marklmiura.com\/de\/produkt\/bell-natur-klein\/#primaryimage"},"image":{"@id":"https:\/\/www.marklmiura.com\/de\/produkt\/bell-natur-klein\/#primaryimage"},"thumbnailUrl":"https:\/\/www.marklmiura.com\/wp-content\/uploads\/2015\/02\/ako20141126102_FM.jpg","datePublished":"2014-10-31T13:15:21+00:00","dateModified":"2023-11-22T23:09:37+00:00","description":"Einfaches und praktisches Schl\u00fcsseletui aus handvern\u00e4htem Lederfaserstoff, fasst in der kleinen Version etwa drei bis vier, in der gro\u00dfen, etwa f\u00fcnf bis sechs Schl\u00fcssel.","breadcrumb":{"@id":"https:\/\/www.marklmiura.com\/de\/produkt\/bell-natur-klein\/#breadcrumb"},"inLanguage":"de","potentialAction":[{"@type":"ReadAction","target":["https:\/\/www.marklmiura.com\/de\/produkt\/bell-natur-klein\/"]}]},{"@type":"ImageObject","inLanguage":"de","@id":"https:\/\/www.marklmiura.com\/de\/produkt\/bell-natur-klein\/#primaryimage","url":"https:\/\/www.marklmiura.com\/wp-content\/uploads\/2015\/02\/ako20141126102_FM.jpg","contentUrl":"https:\/\/www.marklmiura.com\/wp-content\/uploads\/2015\/02\/ako20141126102_FM.jpg","width":1200,"height":1200,"caption":"BELL natur (Key holder\/Schl\u00fcsseletui) #1"},{"@type":"BreadcrumbList","@id":"https:\/\/www.marklmiura.com\/de\/produkt\/bell-natur-klein\/#breadcrumb","itemListElement":[{"@type":"ListItem","position":1,"name":"Home","item":"https:\/\/www.marklmiura.com\/de\/"},{"@type":"ListItem","position":2,"name":"Shop","item":"https:\/\/www.marklmiura.com\/de\/shop\/"},{"@type":"ListItem","position":3,"name":"BELL natur klein"}]},{"@type":"WebSite","@id":"https:\/\/www.marklmiura.com\/de\/#website","url":"https:\/\/www.marklmiura.com\/de\/","name":"marklmiura","description":"","potentialAction":[{"@type":"SearchAction","target":{"@type":"EntryPoint","urlTemplate":"https:\/\/www.marklmiura.com\/de\/?s={search_term_string}"},"query-input":{"@type":"PropertyValueSpecification","valueRequired":true,"valueName":"search_term_string"}}],"inLanguage":"de"}]}},"_links":{"self":[{"href":"https:\/\/www.marklmiura.com\/de\/wp-json\/wp\/v2\/product\/3340","targetHints":{"allow":["GET"]}}],"collection":[{"href":"https:\/\/www.marklmiura.com\/de\/wp-json\/wp\/v2\/product"}],"about":[{"href":"https:\/\/www.marklmiura.com\/de\/wp-json\/wp\/v2\/types\/product"}],"replies":[{"embeddable":true,"href":"https:\/\/www.marklmiura.com\/de\/wp-json\/wp\/v2\/comments?post=3340"}],"wp:featuredmedia":[{"embeddable":true,"href":"https:\/\/www.marklmiura.com\/de\/wp-json\/wp\/v2\/media\/4633"}],"wp:attachment":[{"href":"https:\/\/www.marklmiura.com\/de\/wp-json\/wp\/v2\/media?parent=3340"}],"wp:term":[{"taxonomy":"product_brand","embeddable":true,"href":"https:\/\/www.marklmiura.com\/de\/wp-json\/wp\/v2\/product_brand?post=3340"},{"taxonomy":"product_cat","embeddable":true,"href":"https:\/\/www.marklmiura.com\/de\/wp-json\/wp\/v2\/product_cat?post=3340"},{"taxonomy":"product_tag","embeddable":true,"href":"https:\/\/www.marklmiura.com\/de\/wp-json\/wp\/v2\/product_tag?post=3340"}],"curies":[{"name":"wp","href":"https:\/\/api.w.org\/{rel}","templated":true}]}}