{"id":3048,"date":"2014-10-22T19:52:13","date_gmt":"2014-10-22T17:52:13","guid":{"rendered":"http:\/\/www.marklmiura.com\/product\/papa-bag-2\/"},"modified":"2018-08-22T13:31:26","modified_gmt":"2018-08-22T11:31:26","slug":"papa-bag-grau","status":"publish","type":"product","link":"https:\/\/www.marklmiura.com\/de\/produkt\/papa-bag-grau\/","title":{"rendered":"PAPA BAG grau"},"content":{"rendered":"<p>Unsere PAPA BAG ist eine schlichte Tragetasche aus einem mittelschwerem Baumwolle Canvas. Das Hauptfach wird mit einem Magnetverschluss verschlossen und die beiden Innentaschen jeweils mit einem Rei\u00dfverschluss.<br \/>\nIn der gr\u00f6\u00dferen der Innentaschen befindet sich ein praktischer Einsatz, mit drei unterschiedlich gro\u00dfen F\u00e4chern zum verstauen von Stiften, Portemonnaie, Mobiltelefon etc. Die verstellbaren Henkel und der Schultergurt aus kr\u00e4ftigem Leder lassen sich an die unterschiedlichsten Tragegewohnheiten anpassen. Die Gr\u00f6\u00dfe ist ideal um die n\u00f6tigen Dinge f\u00fcr einen langen Arbeitstag, einen Ausflug, Babyutensilien oder den Einkauf zu verstauen. Erh\u00e4ltlich in drei Farben (schwarz, blau, grau).<\/p>\n<p>Gr\u00f6\u00dfe: 38 \u00d7 30 \u00d7 20 cm (B \u00d7 H \u00d7 T)<br \/>\nGriff: 29\u201352 cm<br \/>\nSchultergurt: 52\u201385 cm<br \/>\nInnentaschen mit Rei\u00dfverschluss: 24 \u00d7 18 cm (B \u00d7 H), 36 \u00d7 24 cm (B \u00d7 H)<\/p>\n<p><a title=\"Customer service\" href=\"http:\/\/www.marklmiura.com\/de\/unser-service\/#service-care \">Pflegehinweise<\/a><\/p>\n","protected":false},"excerpt":{"rendered":"<p>Unsere PAPA BAG ist eine schlichte Tragetasche aus einem mittelschwerem Baumwolle Canvas. Das Hauptfach wird mit einem Magnetverschluss verschlossen und die beiden Innentaschen jeweils mit einem Rei\u00dfverschluss.<br \/>\nIn der gr\u00f6\u00dferen der Innentaschen befindet sich ein praktischer Einsatz, mit drei unterschiedlich gro\u00dfen F\u00e4chern zum verstauen von Stiften, Portemonnaie, Mobiltelefon etc. Die verstellbaren Henkel und der Schultergurt aus kr\u00e4ftigem Leder lassen sich an die unterschiedlichsten Tragegewohnheiten anpassen. Die Gr\u00f6\u00dfe ist ideal um die n\u00f6tigen Dinge f\u00fcr einen langen Arbeitstag, einen Ausflug, Babyutensilien oder den Einkauf zu verstauen. Erh\u00e4ltlich in drei Farben (schwarz, blau, grau).<\/p>\n<p>Gr\u00f6\u00dfe: 38 \u00d7 30 \u00d7 20 cm (B \u00d7 H \u00d7 T)<br \/>\nGriff: 29\u201352 cm<br \/>\nSchultergurt: 52\u201385 cm<br \/>\nInnentaschen mit Rei\u00dfverschluss: 24 \u00d7 18 cm (B \u00d7 H), 36 \u00d7 24 cm (B \u00d7 H)<\/p>\n<p><a title=\"Customer service\" href=\"http:\/\/www.marklmiura.com\/de\/unser-service\/#service-care \">Pflegehinweise<\/a><\/p>\n","protected":false},"featured_media":4661,"comment_status":"closed","ping_status":"closed","template":"","meta":[],"product_brand":[],"product_cat":[119],"product_tag":[],"class_list":{"0":"post-3048","1":"product","2":"type-product","3":"status-publish","4":"has-post-thumbnail","6":"product_cat-alle","7":"product_shipping_class-large-de","9":"first","10":"instock","11":"taxable","12":"shipping-taxable","13":"purchasable","14":"product-type-simple"},"yoast_head":"<!-- This site is optimized with the Yoast SEO plugin v27.5 - https:\/\/yoast.com\/product\/yoast-seo-wordpress\/ -->\n<title>PAPA BAG grau - marklmiura<\/title>\n<meta name=\"description\" content=\"PAPA BAG ist eine schlichte Tragetasche aus einem mittelschwerem Baumwolle Canvas. Die verstellbaren Henkel und der Schultergurt sind aus kr\u00e4ftigem Leder.\" \/>\n<meta name=\"robots\" content=\"index, follow, max-snippet:-1, max-image-preview:large, max-video-preview:-1\" \/>\n<link rel=\"canonical\" href=\"https:\/\/www.marklmiura.com\/de\/produkt\/papa-bag-grau\/\" \/>\n<meta property=\"og:locale\" content=\"de_DE\" \/>\n<meta property=\"og:type\" content=\"article\" \/>\n<meta property=\"og:title\" content=\"PAPA BAG grau - marklmiura\" \/>\n<meta property=\"og:description\" content=\"PAPA BAG ist eine schlichte Tragetasche aus einem mittelschwerem Baumwolle Canvas. Die verstellbaren Henkel und der Schultergurt sind aus kr\u00e4ftigem Leder.\" \/>\n<meta property=\"og:url\" content=\"https:\/\/www.marklmiura.com\/de\/produkt\/papa-bag-grau\/\" \/>\n<meta property=\"og:site_name\" content=\"marklmiura\" \/>\n<meta property=\"article:modified_time\" content=\"2018-08-22T11:31:26+00:00\" \/>\n<meta property=\"og:image\" content=\"https:\/\/www.marklmiura.com\/wp-content\/uploads\/2015\/02\/2014-12-15_mm_square-crop_13.jpg\" \/>\n\t<meta property=\"og:image:width\" content=\"1200\" \/>\n\t<meta property=\"og:image:height\" content=\"1200\" \/>\n\t<meta property=\"og:image:type\" content=\"image\/jpeg\" \/>\n<meta name=\"twitter:label1\" content=\"Gesch\u00e4tzte Lesezeit\" \/>\n\t<meta name=\"twitter:data1\" content=\"1\u00a0Minute\" \/>\n<script type=\"application\/ld+json\" class=\"yoast-schema-graph\">{\"@context\":\"https:\\\/\\\/schema.org\",\"@graph\":[{\"@type\":\"WebPage\",\"@id\":\"https:\\\/\\\/www.marklmiura.com\\\/de\\\/produkt\\\/papa-bag-grau\\\/\",\"url\":\"https:\\\/\\\/www.marklmiura.com\\\/de\\\/produkt\\\/papa-bag-grau\\\/\",\"name\":\"PAPA BAG grau - marklmiura\",\"isPartOf\":{\"@id\":\"https:\\\/\\\/www.marklmiura.com\\\/de\\\/#website\"},\"primaryImageOfPage\":{\"@id\":\"https:\\\/\\\/www.marklmiura.com\\\/de\\\/produkt\\\/papa-bag-grau\\\/#primaryimage\"},\"image\":{\"@id\":\"https:\\\/\\\/www.marklmiura.com\\\/de\\\/produkt\\\/papa-bag-grau\\\/#primaryimage\"},\"thumbnailUrl\":\"https:\\\/\\\/www.marklmiura.com\\\/wp-content\\\/uploads\\\/2015\\\/02\\\/2014-12-15_mm_square-crop_13.jpg\",\"datePublished\":\"2014-10-22T17:52:13+00:00\",\"dateModified\":\"2018-08-22T11:31:26+00:00\",\"description\":\"PAPA BAG ist eine schlichte Tragetasche aus einem mittelschwerem Baumwolle Canvas. Die verstellbaren Henkel und der Schultergurt sind aus kr\u00e4ftigem Leder.\",\"breadcrumb\":{\"@id\":\"https:\\\/\\\/www.marklmiura.com\\\/de\\\/produkt\\\/papa-bag-grau\\\/#breadcrumb\"},\"inLanguage\":\"de\",\"potentialAction\":[{\"@type\":\"ReadAction\",\"target\":[\"https:\\\/\\\/www.marklmiura.com\\\/de\\\/produkt\\\/papa-bag-grau\\\/\"]}]},{\"@type\":\"ImageObject\",\"inLanguage\":\"de\",\"@id\":\"https:\\\/\\\/www.marklmiura.com\\\/de\\\/produkt\\\/papa-bag-grau\\\/#primaryimage\",\"url\":\"https:\\\/\\\/www.marklmiura.com\\\/wp-content\\\/uploads\\\/2015\\\/02\\\/2014-12-15_mm_square-crop_13.jpg\",\"contentUrl\":\"https:\\\/\\\/www.marklmiura.com\\\/wp-content\\\/uploads\\\/2015\\\/02\\\/2014-12-15_mm_square-crop_13.jpg\",\"width\":1200,\"height\":1200,\"caption\":\"PAPA BAG grey\\\/grau (Tote bag\\\/Tragetasche) #1\"},{\"@type\":\"BreadcrumbList\",\"@id\":\"https:\\\/\\\/www.marklmiura.com\\\/de\\\/produkt\\\/papa-bag-grau\\\/#breadcrumb\",\"itemListElement\":[{\"@type\":\"ListItem\",\"position\":1,\"name\":\"Home\",\"item\":\"https:\\\/\\\/www.marklmiura.com\\\/de\\\/\"},{\"@type\":\"ListItem\",\"position\":2,\"name\":\"Shop\",\"item\":\"https:\\\/\\\/www.marklmiura.com\\\/de\\\/shop\\\/\"},{\"@type\":\"ListItem\",\"position\":3,\"name\":\"PAPA BAG grau\"}]},{\"@type\":\"WebSite\",\"@id\":\"https:\\\/\\\/www.marklmiura.com\\\/de\\\/#website\",\"url\":\"https:\\\/\\\/www.marklmiura.com\\\/de\\\/\",\"name\":\"marklmiura\",\"description\":\"\",\"potentialAction\":[{\"@type\":\"SearchAction\",\"target\":{\"@type\":\"EntryPoint\",\"urlTemplate\":\"https:\\\/\\\/www.marklmiura.com\\\/de\\\/?s={search_term_string}\"},\"query-input\":{\"@type\":\"PropertyValueSpecification\",\"valueRequired\":true,\"valueName\":\"search_term_string\"}}],\"inLanguage\":\"de\"}]}<\/script>\n<!-- \/ Yoast SEO plugin. -->","yoast_head_json":{"title":"PAPA BAG grau - marklmiura","description":"PAPA BAG ist eine schlichte Tragetasche aus einem mittelschwerem Baumwolle Canvas. Die verstellbaren Henkel und der Schultergurt sind aus kr\u00e4ftigem Leder.","robots":{"index":"index","follow":"follow","max-snippet":"max-snippet:-1","max-image-preview":"max-image-preview:large","max-video-preview":"max-video-preview:-1"},"canonical":"https:\/\/www.marklmiura.com\/de\/produkt\/papa-bag-grau\/","og_locale":"de_DE","og_type":"article","og_title":"PAPA BAG grau - marklmiura","og_description":"PAPA BAG ist eine schlichte Tragetasche aus einem mittelschwerem Baumwolle Canvas. Die verstellbaren Henkel und der Schultergurt sind aus kr\u00e4ftigem Leder.","og_url":"https:\/\/www.marklmiura.com\/de\/produkt\/papa-bag-grau\/","og_site_name":"marklmiura","article_modified_time":"2018-08-22T11:31:26+00:00","og_image":[{"width":1200,"height":1200,"url":"https:\/\/www.marklmiura.com\/wp-content\/uploads\/2015\/02\/2014-12-15_mm_square-crop_13.jpg","type":"image\/jpeg"}],"twitter_misc":{"Gesch\u00e4tzte Lesezeit":"1\u00a0Minute"},"schema":{"@context":"https:\/\/schema.org","@graph":[{"@type":"WebPage","@id":"https:\/\/www.marklmiura.com\/de\/produkt\/papa-bag-grau\/","url":"https:\/\/www.marklmiura.com\/de\/produkt\/papa-bag-grau\/","name":"PAPA BAG grau - marklmiura","isPartOf":{"@id":"https:\/\/www.marklmiura.com\/de\/#website"},"primaryImageOfPage":{"@id":"https:\/\/www.marklmiura.com\/de\/produkt\/papa-bag-grau\/#primaryimage"},"image":{"@id":"https:\/\/www.marklmiura.com\/de\/produkt\/papa-bag-grau\/#primaryimage"},"thumbnailUrl":"https:\/\/www.marklmiura.com\/wp-content\/uploads\/2015\/02\/2014-12-15_mm_square-crop_13.jpg","datePublished":"2014-10-22T17:52:13+00:00","dateModified":"2018-08-22T11:31:26+00:00","description":"PAPA BAG ist eine schlichte Tragetasche aus einem mittelschwerem Baumwolle Canvas. Die verstellbaren Henkel und der Schultergurt sind aus kr\u00e4ftigem Leder.","breadcrumb":{"@id":"https:\/\/www.marklmiura.com\/de\/produkt\/papa-bag-grau\/#breadcrumb"},"inLanguage":"de","potentialAction":[{"@type":"ReadAction","target":["https:\/\/www.marklmiura.com\/de\/produkt\/papa-bag-grau\/"]}]},{"@type":"ImageObject","inLanguage":"de","@id":"https:\/\/www.marklmiura.com\/de\/produkt\/papa-bag-grau\/#primaryimage","url":"https:\/\/www.marklmiura.com\/wp-content\/uploads\/2015\/02\/2014-12-15_mm_square-crop_13.jpg","contentUrl":"https:\/\/www.marklmiura.com\/wp-content\/uploads\/2015\/02\/2014-12-15_mm_square-crop_13.jpg","width":1200,"height":1200,"caption":"PAPA BAG grey\/grau (Tote bag\/Tragetasche) #1"},{"@type":"BreadcrumbList","@id":"https:\/\/www.marklmiura.com\/de\/produkt\/papa-bag-grau\/#breadcrumb","itemListElement":[{"@type":"ListItem","position":1,"name":"Home","item":"https:\/\/www.marklmiura.com\/de\/"},{"@type":"ListItem","position":2,"name":"Shop","item":"https:\/\/www.marklmiura.com\/de\/shop\/"},{"@type":"ListItem","position":3,"name":"PAPA BAG grau"}]},{"@type":"WebSite","@id":"https:\/\/www.marklmiura.com\/de\/#website","url":"https:\/\/www.marklmiura.com\/de\/","name":"marklmiura","description":"","potentialAction":[{"@type":"SearchAction","target":{"@type":"EntryPoint","urlTemplate":"https:\/\/www.marklmiura.com\/de\/?s={search_term_string}"},"query-input":{"@type":"PropertyValueSpecification","valueRequired":true,"valueName":"search_term_string"}}],"inLanguage":"de"}]}},"_links":{"self":[{"href":"https:\/\/www.marklmiura.com\/de\/wp-json\/wp\/v2\/product\/3048","targetHints":{"allow":["GET"]}}],"collection":[{"href":"https:\/\/www.marklmiura.com\/de\/wp-json\/wp\/v2\/product"}],"about":[{"href":"https:\/\/www.marklmiura.com\/de\/wp-json\/wp\/v2\/types\/product"}],"replies":[{"embeddable":true,"href":"https:\/\/www.marklmiura.com\/de\/wp-json\/wp\/v2\/comments?post=3048"}],"wp:featuredmedia":[{"embeddable":true,"href":"https:\/\/www.marklmiura.com\/de\/wp-json\/wp\/v2\/media\/4661"}],"wp:attachment":[{"href":"https:\/\/www.marklmiura.com\/de\/wp-json\/wp\/v2\/media?parent=3048"}],"wp:term":[{"taxonomy":"product_brand","embeddable":true,"href":"https:\/\/www.marklmiura.com\/de\/wp-json\/wp\/v2\/product_brand?post=3048"},{"taxonomy":"product_cat","embeddable":true,"href":"https:\/\/www.marklmiura.com\/de\/wp-json\/wp\/v2\/product_cat?post=3048"},{"taxonomy":"product_tag","embeddable":true,"href":"https:\/\/www.marklmiura.com\/de\/wp-json\/wp\/v2\/product_tag?post=3048"}],"curies":[{"name":"wp","href":"https:\/\/api.w.org\/{rel}","templated":true}]}}