{"id":2999,"date":"2013-08-18T15:59:48","date_gmt":"2013-08-18T13:59:48","guid":{"rendered":"http:\/\/www.marklmiura.com\/?page_id=2999"},"modified":"2021-01-04T19:32:12","modified_gmt":"2021-01-04T18:32:12","slug":"unser-service","status":"publish","type":"page","link":"https:\/\/www.marklmiura.com\/de\/unser-service\/","title":{"rendered":"Unser Service"},"content":{"rendered":"\t<div class=\"row container \"><div class=\"small-12    large-8  columns \"   >\n<div class=\"column-inner\"  >\n<h3>Unser Service<\/h3>\n<h4>1. Bestellvorgang<br \/>\n2. Preise<br \/>\n3. Bezahlung &amp; Online-Sicherheit<br \/>\n4. Lieferung &amp; Versandkosten<br \/>\n5. Widerrufsbelehrung &amp; Muster-Widerrufsformular<br \/>\n6. Pflegehinweise<\/h4>\n<p>&nbsp;<\/p>\n<h3>1. Bestellvorgang<\/h3>\n<p>Sobald Sie Ihren Einkauf beendet haben, erhalten Sie eine automatisch versandte Empfangsbest\u00e4tigung. Bitte beachten Sie, dass diese Empfangsbest\u00e4tigung lediglich dokumentiert, dass Ihre Bestellung bei uns eingetroffen ist und keine Annahme Ihres Kaufangebots darstellt. Die Auftragsbest\u00e4tigung wird in einer gesonderten E-Mail versandt. Sie werden au\u00dferdem eine gesonderte E-Mail erhalten, wenn Ihre Bestellung versandt wurde.<\/p>\n<p>&nbsp;<\/p>\n<h3>2. Preise<\/h3>\n<p>Alle angegebenen Preise sind in Euro und inklusive Mehrwertsteuer. Die Versandkosten sind nicht enthalten.<\/p>\n<p>&nbsp;<\/p>\n<h3>3. Bezahlung &amp; Online-Sicherheit<\/h3>\n<p>marklmiura.com akzeptiert Zahlungen \u00fcber PayPal oder Bank\u00fcberweisung. Wenn Sie lieber mit Kreditkarte bezahlen m\u00f6chten, werden Sie auf dem PayPal Login Screen dazu ohne Konto eine M\u00f6glichkeit haben. Zahlungen von au\u00dferhalb Deutschlands m\u00fcssen f\u00fcr marklmiura kostenfrei sein.<\/p>\n<p><strong>Bezahlung \u00fcber PayPal<\/strong><br \/>\nWenn Sie ein PayPal-Konto haben, loggen Sie sich w\u00e4hrend des Prozesses mit Ihrer EMail-Adresse und Ihrem Passwort ein und l\u00f6sen dann die Bezahlung \u00fcber PayPal Online-Service aus. Wenn Sie lieber mit einer Kreditkarte oder einer Debitkarte bezahlen m\u00f6chten, haben Sie auf dem Login Screen eine entsprechende Option ohne Konto. Ihre Bank und Guthabendetails werden nur von PayPal gespeichert und m\u00fcssen nicht erneut eingegeben werden, wenn Sie bei marklmiura.com bezahlen. Sobald die Bezahlung stattgefunden hat, erhalten Sie von PayPal eine E-Mail, in der die Bezahlung best\u00e4tigt wird.<\/p>\n<p><strong>Bezahlung \u00fcber Bank\u00fcberweisung<\/strong><br \/>\nSie erhalten unsere Kontodaten w\u00e4hrend des Checkout-Prozesses, sobald Sie \u201eBank\u00fcberweisung\u201c als Bezahlmethode gew\u00e4hlt haben. Bitte \u00fcberweisen Sie den vollen Betrag, nachdem Sie Ihre Bestellung abgegeben haben, unter Angabe der Bestellnummer und Ihres Namens als Zahlungsreferenz. Jegliche Transferkosten wie beispielsweise Bankgeb\u00fchren oder andere Geb\u00fchren sind vom Kunden zu tragen.<\/p>\n<p><strong>SSL-Technologie<\/strong><br \/>\nIhre Daten\u00fcbertragung ist durch eine sichere SSL-Verbindung (Secure Socket Layer) gesichert, die gew\u00e4hrleistet, dass Ihre Bestellungen und pers\u00f6nlichen Daten, inklusive der Kreditkarten- und Kontoinformationen sicher \u00fcber das Internet \u00fcbermittelt werden. W\u00e4hrend der Daten\u00fcbertragung ist es daher f\u00fcr Dritte nicht m\u00f6glich, Zugang zu diesen Daten zu erlangen oder die Daten zu ver\u00e4ndern. Die Daten sind verschl\u00fcsselt, um sicherzustellen, dass nur das Bezahlsystem sie lesen kann. F\u00fcr weitere Informationen lesen Sie bitte unsere Datenschutzerkl\u00e4rung.<\/p>\n<p>&nbsp;<\/p>\n<h3>4. Lieferung &amp; Versandkosten<\/h3>\n<p><strong>Wie lange dauert es, bis ich meine Bestellung erhalte?<\/strong><br \/>\nDie gekauften Waren werden an Werktagen in Deutschland Montag bis Freitag versandt. Unsere Waren werden per Deutsche Post oder DHL versandt. Nachdem die Ware versandt wurde, erhalten Sie eine E-Mail als Versandbest\u00e4tigung.<\/p>\n<ul>\n<li><strong>National Versand (innerhalb Deutschlands)\u00a0<\/strong><br \/>\nF\u00fcr den Versand innerhalb Deutschlands werden alle Produkte innerhalb von sieben Werktagen in Deutschland nach Zahlungseingang per Post verschickt.<br \/>\n2,50 euro 500g oder weniger<br \/>\n5,00 euro \u00fcber 500g<\/li>\n<li><strong>Versand in andere EU-L\u00e4nder*<\/strong><br \/>\nF\u00fcr den Versand in L\u00e4nder der Europ\u00e4ischen Union werden alle Produkte innerhalb von neun Werktagen nach Zahlungseingang versandt.<br \/>\n5,60 euro 500g oder weniger<br \/>\n17,00 euro \u00fcber 500g<\/li>\n<li style=\"text-align: left;\"><strong>Versand in andere L\u00e4nder <\/strong><br \/>\nF\u00fcr den Versand in L\u00e4nder au\u00dferhalb der Europ\u00e4ischen Union werden alle Produkte innerhalb von 20 Tagen versandt.<br \/>\n5,60 euro 500g oder weniger<br \/>\n24,00 euro \u00fcber 500g<\/li>\n<\/ul>\n<p><strong>* EU-L\u00e4nder :<\/strong> Belgien, Bulgarien, D\u00e4nemark (au\u00dfer F\u00e4r\u00f6er, Gr\u00f6nland), Estland, Finnland (au\u00dfer \u00c4landinseln), Frankreich (au\u00dfer \u00fcberseeische Gebiete und Departments), Griechenland (au\u00dfer Berg Athos), Gro\u00dfbritannien (au\u00dfer Kanalinseln), Irland, Italien (au\u00dfer Livigno und Campione d&#8217;Italia), Kroatien, Lettland, Litauen, Luxemburg, Malta, Monaco, Niederlande (au\u00dfer au\u00dfereurop\u00e4ische Gebiete), \u00d6sterreich, Polen, Portugal, Rum\u00e4nien, Schweden, Slowakei, Slowenien, Spanien (au\u00dfer Kanarische Inseln, Ceuta und Melilla), Tschechische Republik, Ungarn, Zypern (au\u00dfer Nordteil)<\/p>\n<p>Die Gewichtsangaben sind jeweils inklusive Verpackung.<br \/>\nSofern Zollgeb\u00fchren anfallen, sind diese vom Kunden zu tragen. Weitere Informationen finden Sie in den AGB der Deutschen Post AG.<\/p>\n<p><strong>Wie kann ich meine Sendung verfolgen?<\/strong><br \/>\nSie k\u00f6nnen Ihre Sendung durch Anklicken des Men\u00fcs \u201eSendung verfolgen\u201c in der oberen rechten Ecke der Webseite verfolgen. Die Bestellnummer ist Ihrer Versandbest\u00e4tigung angeh\u00e4ngt.<br \/>\nF\u00fcr weitere Informationen lesen Sie bitte unsere <a href=\"http:\/\/www.marklmiura.com\/de\/agbs\/#tc-shipping\">AGBs 5. Preise und Versand<\/a>.<\/p>\n<p>&nbsp;<\/p>\n<h3>5. Widerrufsbelehrung &amp; Muster-Widerrufsformular<\/h3>\n<p>Der Kunde kann seine Vertragserkl\u00e4rung innerhalb von 14 Tagen ohne Angabe von Gr\u00fcnden in Textform (z.B. Brief, E-Mail) oder telefonisch widerrufen. Der Kunde kann zur Aus\u00fcbung seines Widerrufsrechts das beigef\u00fcgte Widerrufsformular verwenden, ist aber nicht dazu verpflichtet. Die Frist beginnt nach Erhalt dieser Belehrung in Textform, jedoch nicht vor Eingang der Ware beim Empf\u00e4nger (bei der wiederkehrenden Lieferung gleichartiger Waren nicht vor Eingang der ersten Teillieferung) und auch nicht vor Erf\u00fcllung der gesetzlichen Informationspflichten von marklmiura. Zur Wahrung der Widerrufsfrist gen\u00fcgt die rechtzeitige Absendung des Widerrufs. Der Widerruf ist zu richten an:<\/p>\n<p>marklmiura, Tomoe Markl<br \/>\nHobrechtstr.64, 12047 Berlin Deutschland<br \/>\n+49(0)30-60 40 74 66<br \/>\n<a href=\"mailto:mail@marklmiura.com\">mail@marklmiura.com<\/a><br \/>\n<a href=\"http:\/\/marklmiura.com\">www.marklmiura.com<\/a><\/p>\n<p>Im Falle eines wirksamen Widerrufs sind die beiderseits empfangenen Leistungen zur\u00fcckzugew.hren. Falls der Kunde die empfangene Leistung nicht oder teilweise nicht oder nur in verschlechtertem Zustand zur\u00fcckgew.hrt beziehungsweise herausgibt, muss der Kunde insoweit Wertersatz leisten. F\u00fcr die Verschlechterung der Sache muss der Kunde insoweit Wertersatz leisten, soweit die Verschlechterung auf einen Umgang mit der Sache zur\u00fcckzuf\u00fchren ist, der \u00fcber die Pr\u00fcfung der Eigenschaften und der Funktionsweise hinausgeht. Unter \u201ePr\u00fcfung der Eigenschaften und der Funktionsweise\u201c versteht man das Testen und Ausprobieren der jeweiligen Ware, wie es etwa im Ladengesch\u00e4ft m\u00f6glich und \u00fcblich ist. Paketversandf\u00e4hige Sachen sind auf unsere Gefahr zur\u00fcckzusenden. Die Kosten der R\u00fccksendung von Waren tr\u00e4gt der Kunde. Nicht paketversandf\u00e4hige Sachen werden beim Kunden abgeholt. Verpflichtungen zur Erstattung von Zahlungen m\u00fcssen innerhalb von 30 Tagen erf\u00fcllt werden. Die Frist beginnt f\u00fcr den Kunden mit der Absendung seiner Widerrufserkl\u00e4rung oder der Sache, f\u00fcr marklmiura mit deren Empfang.<\/p>\n<p style=\"text-align: center;\">&#8211; Ende der Widerrufsbelehrung &#8211;<\/p>\n<hr \/>\n<h3>Muster-Widerrufsformular<\/h3>\n<p><strong>(Wenn Sie den Vertrag widerrufen wollen, dann f\u00fcllen Sie bitte dieses Formular aus und s den Sie es zur\u00fcck.)<\/strong><\/p>\n<p>An: marklmiura , Tomoe Markl, Hobrechtstr.64 12047 Berlin, Deutschland, e-mail: mail@marklmiura.com<\/p>\n<p><strong>&#8211;<\/strong>\u00a0Hiermit widerrufe(n) ich\/wir(*) den von mir\/uns(*) abgeschlossenen Vertrag \u00fcber den Kauf der folgenden Waren(*) \/ die Erringung der folgenden Dienstleistung(*).<\/p>\n<p><strong>&#8211;\u00a0<\/strong>Bestell am(*) \/ erhalten am(*)<\/p>\n<p><strong>&#8211;\u00a0<\/strong>Name des\/der Verbraucher(s)<\/p>\n<p><strong>&#8211;\u00a0<\/strong>Anschrift des\/der Verbraucher(s)<\/p>\n<p><strong>&#8211;\u00a0<\/strong>Unterschrift des\/der Verbraucher(s) (nur bei Mitteilung auf Papier)<\/p>\n<p><strong>&#8211;\u00a0<\/strong>Datum<\/p>\n<p>(*) Unzutreffendes streichen<\/p>\n<hr \/>\n<p>&nbsp;<\/p>\n<h3><\/h3>\n<h3><a id=\"service-care\"><\/a>6. Pflegehinweise<\/h3>\n<p><strong>Baumwoll-Leinen Canvas Tasche ( PAPA BAG, TOTE BAG )<\/strong><br \/>\nWir empfehlen die Taschen nicht zu waschen, oberfl\u00e4chliche Verschmutzungen k\u00f6nnen mit einer B\u00fcrste entfernt werden. Matschflecke sollten im trockenen Zustand ausgeb\u00fcrstet werden. Etwaige R\u00fcckst\u00e4nde vorsichtig mit einem feuchten, weichem Tuch entfernen.<\/p>\n<p><strong>Leder<\/strong><br \/>\nLeder ist ein Naturprodukt und dunkelt mit der Zeit nach, dies gibt den Produkten einen eigenen, unverwechselbaren Charakter. Sie sollen sich mit der Zeit ver\u00e4ndern und eine Patina entwickeln. Leder ist nicht wasserfest. \u00d6l, Wein und Tintenflecken lassen sich nur schlecht oder gar nicht entfernen. \u00d6lflecke k\u00f6nnen jedoch, durch auftragen eines Lederfettes, vermindert werden. Frische Flecken von Getr\u00e4nken oder Speisen, sollten m\u00f6glichst gleich mit einem feuchten Tuch entfernt werden. Gegebenenfalls mit einem Lederreinigungsmittel nacharbeiten.<\/p>\n<p>Falls Sie Fragen zur Produktpflege haben, kontaktieren Sie uns bitte \u00fcber : <a href=\"mailto:mail@marklmiura.com\">mail@marklmiura.com<\/a><\/p>\n<\/div>\n<\/div>\n<br \/>\n<div class=\"small-12    large-8  columns \"   >\n<div class=\"column-inner\"  >\n<\/div>\n<\/div>\n<\/p>\n<\/div>\n  \n","protected":false},"excerpt":{"rendered":"   <div id=\"banner_608414992\" class=\"ux_banner dark    \"  style=\"height:300px; \" data-height=\"300px\" role=\"banner\">\n                                  <div class=\"banner-bg\"  style=\"background-image:url('http:\/\/tommyvedvik.com\/dummy.gif'); \"><img decoding=\"async\" src=\"http:\/\/tommyvedvik.com\/dummy.gif\"  style=\"visibility:hidden;\" \/><\/div>\n                             <div class=\"row\" >\n          <div class=\"inner center text-center \"  style=\"width:60%;\">\n            <div class=\"inner-wrap animated\" data-animate=\"flipInX\" style=\" \">\n              <h1>Our Services<\/h1>\n<div class=\"tx-div small\"><\/div>\n\n\t<div class=\"social-icons share-row\">\n\t\t\t\t\t\t\t  <a href=\"http:\/\/www.facebook.com\/sharer.php?u=https:\/\/www.marklmiura.com\/de\/unser-service\/\" target=\"_blank\" class=\"icon icon_facebook tip-top\" title=\"Share on Facebook\"><span class=\"icon-facebook\"><\/span><\/a>\n\t\t\t\t            <a href=\"https:\/\/twitter.com\/share?url=https:\/\/www.marklmiura.com\/de\/unser-service\/\" target=\"_blank\" class=\"icon icon_twitter tip-top\" title=\"Share on Twitter\"><span class=\"icon-twitter\"><\/span><\/a>\n\t\t\t\t            <a href=\"mailto:enteryour@addresshere.com?subject=Unser%20Service&amp;body=Check%20this%20out:%20https:\/\/www.marklmiura.com\/de\/unser-service\/\" class=\"icon icon_email tip-top\" title=\"Email to a Friend\"><span class=\"icon-envelop\"><\/span><\/a>\n\t\t\t\t            <a href=\"\/\/pinterest.com\/pin\/create\/button\/?url=https:\/\/www.marklmiura.com\/de\/unser-service\/&amp;media=&amp;description=Unser%20Service\" target=\"_blank\" class=\"icon icon_pintrest tip-top\" title=\"Pin on Pinterest\"><span class=\"icon-pinterest\"><\/span><\/a>\n\t\t\t\t            <a href=\"\/\/plus.google.com\/share?url=https:\/\/www.marklmiura.com\/de\/unser-service\/\" target=\"_blank\" class=\"icon icon_googleplus tip-top\" title=\"Share on Google+\"><span class=\"icon-google-plus\"><\/span><\/a>\n\t\t\t\t    <\/div>\n    \n    \n            <\/div>\n          <\/div>  \n        <\/div>\n              <\/div><!-- end .ux_banner -->\n\n","protected":false},"author":1,"featured_media":0,"parent":0,"menu_order":0,"comment_status":"closed","ping_status":"closed","template":"page-blank-container.php","meta":{"footnotes":""},"class_list":["post-2999","page","type-page","status-publish","hentry"],"yoast_head":"<!-- This site is optimized with the Yoast SEO plugin v27.5 - https:\/\/yoast.com\/product\/yoast-seo-wordpress\/ -->\n<title>Unser Service - marklmiura<\/title>\n<meta name=\"description\" content=\"marklmiura ist ein Berliner Designlabel von simplen, eleganten, und langlebige Taschen und Accessoires aus Canvas und Leder in Handarbeit hergestellt.\" \/>\n<meta name=\"robots\" content=\"index, follow, max-snippet:-1, max-image-preview:large, max-video-preview:-1\" \/>\n<link rel=\"canonical\" href=\"https:\/\/www.marklmiura.com\/de\/unser-service\/\" \/>\n<meta property=\"og:locale\" content=\"de_DE\" \/>\n<meta property=\"og:type\" content=\"article\" \/>\n<meta property=\"og:title\" content=\"Unser Service - marklmiura\" \/>\n<meta property=\"og:description\" content=\"marklmiura ist ein Berliner Designlabel von simplen, eleganten, und langlebige Taschen und Accessoires aus Canvas und Leder in Handarbeit hergestellt.\" \/>\n<meta property=\"og:url\" content=\"https:\/\/www.marklmiura.com\/de\/unser-service\/\" \/>\n<meta property=\"og:site_name\" content=\"marklmiura\" \/>\n<meta property=\"article:modified_time\" content=\"2021-01-04T18:32:12+00:00\" \/>\n<meta name=\"twitter:label1\" content=\"Gesch\u00e4tzte Lesezeit\" \/>\n\t<meta name=\"twitter:data1\" content=\"6\u00a0Minuten\" \/>\n<script type=\"application\/ld+json\" class=\"yoast-schema-graph\">{\"@context\":\"https:\\\/\\\/schema.org\",\"@graph\":[{\"@type\":\"WebPage\",\"@id\":\"https:\\\/\\\/www.marklmiura.com\\\/de\\\/unser-service\\\/\",\"url\":\"https:\\\/\\\/www.marklmiura.com\\\/de\\\/unser-service\\\/\",\"name\":\"Unser Service - marklmiura\",\"isPartOf\":{\"@id\":\"https:\\\/\\\/www.marklmiura.com\\\/de\\\/#website\"},\"datePublished\":\"2013-08-18T13:59:48+00:00\",\"dateModified\":\"2021-01-04T18:32:12+00:00\",\"description\":\"marklmiura ist ein Berliner Designlabel von simplen, eleganten, und langlebige Taschen und Accessoires aus Canvas und Leder in Handarbeit hergestellt.\",\"breadcrumb\":{\"@id\":\"https:\\\/\\\/www.marklmiura.com\\\/de\\\/unser-service\\\/#breadcrumb\"},\"inLanguage\":\"de\",\"potentialAction\":[{\"@type\":\"ReadAction\",\"target\":[\"https:\\\/\\\/www.marklmiura.com\\\/de\\\/unser-service\\\/\"]}]},{\"@type\":\"BreadcrumbList\",\"@id\":\"https:\\\/\\\/www.marklmiura.com\\\/de\\\/unser-service\\\/#breadcrumb\",\"itemListElement\":[{\"@type\":\"ListItem\",\"position\":1,\"name\":\"Home\",\"item\":\"https:\\\/\\\/www.marklmiura.com\\\/de\\\/\"},{\"@type\":\"ListItem\",\"position\":2,\"name\":\"Unser Service\"}]},{\"@type\":\"WebSite\",\"@id\":\"https:\\\/\\\/www.marklmiura.com\\\/de\\\/#website\",\"url\":\"https:\\\/\\\/www.marklmiura.com\\\/de\\\/\",\"name\":\"marklmiura\",\"description\":\"\",\"potentialAction\":[{\"@type\":\"SearchAction\",\"target\":{\"@type\":\"EntryPoint\",\"urlTemplate\":\"https:\\\/\\\/www.marklmiura.com\\\/de\\\/?s={search_term_string}\"},\"query-input\":{\"@type\":\"PropertyValueSpecification\",\"valueRequired\":true,\"valueName\":\"search_term_string\"}}],\"inLanguage\":\"de\"}]}<\/script>\n<!-- \/ Yoast SEO plugin. -->","yoast_head_json":{"title":"Unser Service - marklmiura","description":"marklmiura ist ein Berliner Designlabel von simplen, eleganten, und langlebige Taschen und Accessoires aus Canvas und Leder in Handarbeit hergestellt.","robots":{"index":"index","follow":"follow","max-snippet":"max-snippet:-1","max-image-preview":"max-image-preview:large","max-video-preview":"max-video-preview:-1"},"canonical":"https:\/\/www.marklmiura.com\/de\/unser-service\/","og_locale":"de_DE","og_type":"article","og_title":"Unser Service - marklmiura","og_description":"marklmiura ist ein Berliner Designlabel von simplen, eleganten, und langlebige Taschen und Accessoires aus Canvas und Leder in Handarbeit hergestellt.","og_url":"https:\/\/www.marklmiura.com\/de\/unser-service\/","og_site_name":"marklmiura","article_modified_time":"2021-01-04T18:32:12+00:00","twitter_misc":{"Gesch\u00e4tzte Lesezeit":"6\u00a0Minuten"},"schema":{"@context":"https:\/\/schema.org","@graph":[{"@type":"WebPage","@id":"https:\/\/www.marklmiura.com\/de\/unser-service\/","url":"https:\/\/www.marklmiura.com\/de\/unser-service\/","name":"Unser Service - marklmiura","isPartOf":{"@id":"https:\/\/www.marklmiura.com\/de\/#website"},"datePublished":"2013-08-18T13:59:48+00:00","dateModified":"2021-01-04T18:32:12+00:00","description":"marklmiura ist ein Berliner Designlabel von simplen, eleganten, und langlebige Taschen und Accessoires aus Canvas und Leder in Handarbeit hergestellt.","breadcrumb":{"@id":"https:\/\/www.marklmiura.com\/de\/unser-service\/#breadcrumb"},"inLanguage":"de","potentialAction":[{"@type":"ReadAction","target":["https:\/\/www.marklmiura.com\/de\/unser-service\/"]}]},{"@type":"BreadcrumbList","@id":"https:\/\/www.marklmiura.com\/de\/unser-service\/#breadcrumb","itemListElement":[{"@type":"ListItem","position":1,"name":"Home","item":"https:\/\/www.marklmiura.com\/de\/"},{"@type":"ListItem","position":2,"name":"Unser Service"}]},{"@type":"WebSite","@id":"https:\/\/www.marklmiura.com\/de\/#website","url":"https:\/\/www.marklmiura.com\/de\/","name":"marklmiura","description":"","potentialAction":[{"@type":"SearchAction","target":{"@type":"EntryPoint","urlTemplate":"https:\/\/www.marklmiura.com\/de\/?s={search_term_string}"},"query-input":{"@type":"PropertyValueSpecification","valueRequired":true,"valueName":"search_term_string"}}],"inLanguage":"de"}]}},"_links":{"self":[{"href":"https:\/\/www.marklmiura.com\/de\/wp-json\/wp\/v2\/pages\/2999","targetHints":{"allow":["GET"]}}],"collection":[{"href":"https:\/\/www.marklmiura.com\/de\/wp-json\/wp\/v2\/pages"}],"about":[{"href":"https:\/\/www.marklmiura.com\/de\/wp-json\/wp\/v2\/types\/page"}],"author":[{"embeddable":true,"href":"https:\/\/www.marklmiura.com\/de\/wp-json\/wp\/v2\/users\/1"}],"replies":[{"embeddable":true,"href":"https:\/\/www.marklmiura.com\/de\/wp-json\/wp\/v2\/comments?post=2999"}],"version-history":[{"count":1,"href":"https:\/\/www.marklmiura.com\/de\/wp-json\/wp\/v2\/pages\/2999\/revisions"}],"predecessor-version":[{"id":5117,"href":"https:\/\/www.marklmiura.com\/de\/wp-json\/wp\/v2\/pages\/2999\/revisions\/5117"}],"wp:attachment":[{"href":"https:\/\/www.marklmiura.com\/de\/wp-json\/wp\/v2\/media?parent=2999"}],"curies":[{"name":"wp","href":"https:\/\/api.w.org\/{rel}","templated":true}]}}