{"id":2883,"date":"2014-10-06T14:34:19","date_gmt":"2014-10-06T12:34:19","guid":{"rendered":"http:\/\/www.marklmiura.com\/terms-conditions-2\/"},"modified":"2021-01-04T19:36:18","modified_gmt":"2021-01-04T18:36:18","slug":"agbs","status":"publish","type":"page","link":"https:\/\/www.marklmiura.com\/de\/agbs\/","title":{"rendered":"AGBs"},"content":{"rendered":"\t<div class=\"row container \"><div class=\"small-12    large-8  columns \"   >\n<div class=\"column-inner\"  >\n<h3><strong>AGBs<\/strong><\/h3>\n<p>&nbsp;<\/p>\n<h3>1. Geltungsbereich, Begriffsbestimmungen<\/h3>\n<ol>\n<li>F\u00fcr die Gesch\u00e4ftsbeziehung zwischen marklmiura, Inhaberin Frau Tomoe Markl, gesch\u00e4ftsans\u00e4ssig Hobrechtstra\u00dfe. 64, 12047 Berlin, Deutschland (<strong>\u201emarklmiura\u201c<\/strong>), als Betreiberin des Webshops unter www.marklmiura.com (<strong>\u201eWebsite\u201c<\/strong>) und als Verk\u00e4uferin und Vertragspartei f\u00fcr die auf der Website angebotenen Produkte und dem Kunden (<strong>\u201eKunde\u201c<\/strong>) gelten ausschlie\u00dflich die nachfolgenden Allgemeinen<\/li>\n<li>Gesch\u00e4ftsbedingungen in ihrer zum Zeitpunkt der Bestellung g\u00fcltigen Fassung.<br \/>\nAbweichende Bedingungen des Bestellers werden nicht anerkannt, es sei denn, marklmiura stimmt ihrer Geltung ausdr\u00fccklich schriftlich zu.<\/li>\n<li>Der Kunde ist Verbraucher, soweit der Zweck der georderten Lieferungen und Leistungen nicht \u00fcberwiegend seiner gewerblichen oder selbstst\u00e4ndigen beruflichen T\u00e4tigkeit zugerechnet werden kann. Dagegen ist Unternehmer jede nat\u00fcrliche oder juristische Person oder rechtsf\u00e4hige Personengesellschaft, die beim Abschluss des Vertrags in Aus\u00fcbung ihrer gewerblichen oder selbst\u00e4ndigen beruflichen T\u00e4tigkeit handelt.<\/li>\n<\/ol>\n<p>&nbsp;<\/p>\n<h3>2. Vertragsschluss<\/h3>\n<ol>\n<li>Um ein Produkt auszuw\u00e4hlen, sucht sich der Kunde das gew\u00fcnschte Produkt aus. Danach kann der Kunde das Produkt \u00fcber den Button \u201ein den Warenkorb\u201c dem Warenkorb hinzuf\u00fcgen. \u00dcber den Button \u201eWarenkorb\u201c in der rechten oberen Ecke der Website kann der Kunde jederzeit den Warenkorb einsehen. Der Warenkorb listet alle vom Kunden hinzugef\u00fcgten Produkte auf sowie deren wesentlichen Merkmale, den Preis pro Artikel, die Anzahl der Artikel, und den Gesamtpreis der Bestellung inklusive Versandkosten. Der Kunde kann \u00fcber den Button \u201ezur Kasse\u201c den Bestellvorgang beginnen.<\/li>\n<li>Nachdem der Kunde den Button \u201ezur Kasse\u201c angeklickt hat, muss der Kunde seinen vollst\u00e4ndigen Land, Namen, Adresse, Postleitzahl\/PLZ, E-Mail-Adresse und Telefonnummer in das Rechnungsformular eingeben. Der Kunde kann hier eine Lieferadresse eingeben, die sich von seinen Rechnungsdaten unterscheidet.<\/li>\n<li>Durch Klick auf den Button \u201eWeiter\u201c kann der Kunde anschlie\u00dfend durch Anklicken eines Buttons eine Zahlungsmethode ausw\u00e4hlen.<\/li>\n<li>Nachdem der Kunde eine Zahlungsmethode ausgew\u00e4hlt hat, werden ihm die Versandkosten angezeigt.<\/li>\n<li>Danach wird dem Kunden eine \u00dcbersicht seiner Bestellung angezeigt. Der Kunde kann nun \u00fcber die \u201eZur\u00fcck\u201c-Funktion des Browsers oder \u00fcber das Website-Men\u00fc Fehler in seiner Bestellung korrigieren. Falls die Rechnungs- und Lieferadresse eingegeben wurden und die Bestellung fehlerfrei ist, kann der Kunde \u00fcber den Button \u201ekaufen\u201c seine Bestellung absenden.<\/li>\n<li>Durch das Anklicken des Buttons \u201ekaufen\u201c gibt der Kunde gegen\u00fcber marklmiura einen verbindlichen Antrag zum Kauf der im Warenkorb befindlichen Produkte ab. Der Antrag kann nur abgegeben und \u00fcbermittelt werden, wenn der Kunde die Allgemeinen Vertragsbedingungen inklusive der Widerrufsbelehrung durch Klicken auf die Buttons \u201eMit Abgabe einer Bestellung best\u00e4tigen Sie, unsere AGBs gelesen, verstanden und akzeptiert zu haben\u201c und \u201eMit Abgabe einer Bestellung best\u00e4tigen Sie, das Widerrufsrecht zur Kenntnis genommen zu haben\u201c akzeptiert, wodurch er sie in sein Vertragsangebot aufnimmt.<\/li>\n<li>marklmiura schickt daraufhin dem Kunden eine automatische Empfangsbest\u00e4tigung per E-Mail zu, in welcher die Bestellung des Kunden nochmals aufgef\u00fchrt wird und die der Kunde \u00fcber die Funktion \u201eDrucken\u201c ausdrucken kann. Die automatische Empfangsbest\u00e4tigung dokumentiert lediglich, dass die Bestellung des Kunden bei marklmiura eingegangen ist, und stellt keine Annahme des Antrags dar. Der Vertrag kommt erst durch die Abgabe der Annahmeerkl\u00e4rung durch marklmiura zustande, die mit einer gesonderten E-Mail (Auftragsbest\u00e4tigung) versandt wird.<\/li>\n<\/ol>\n<p>&nbsp;<\/p>\n<h3>3. Lieferung, Warenverf\u00fcgbarkeit<\/h3>\n<ol>\n<li>Bestehen zum Zeitpunkt der Bestellung des Kunden Lieferbeschr\u00e4nkungen f\u00fcr das von ihm ausgew\u00e4hlte Produkt, so teilt marklmiura dem Kunden dies sp\u00e4testens bei Beginn des Bestellvorgangs unverz\u00fcglich mit. Ist das Produkt dauerhaft nicht lieferbar, sieht marklmiura von einer Annahmeerkl\u00e4rung ab. Ein Vertrag kommt in diesem Fall nicht zustande.<\/li>\n<li>Ist das vom Kunden in der Bestellung bezeichnete Produkt nur vor\u00fcbergehend nicht verf\u00fcgbar, teilt marklmiura dem Kunden dies ebenfalls sp\u00e4testens bei Beginn des Bestellvorgangs mit. Bei einer Lieferungsverz\u00f6gerung von mehr als zwei Wochen hat der Kunde das Recht, vom Vertrag zur\u00fcckzutreten. Im \u00dcbrigen ist in diesem Fall auch marklmiura berechtigt, sich vom Vertrag zu l\u00f6sen. Hierbei wird marklmiura eventuell bereits geleistete Zahlungen des Kunden unverz\u00fcglich erstatten.<\/li>\n<\/ol>\n<p>&nbsp;<\/p>\n<h3>4. Eigentumsvorbehalt<\/h3>\n<ol>Bis zur vollst\u00e4ndigen Bezahlung verbleiben die Waren im Eigentum von marklmiura.<\/ol>\n<p>&nbsp;<\/p>\n<h3>5. Preise und Versand<\/h3>\n<ol>\n<li style=\"list-style-type: none;\">\n<ol>\n<li>Alle Preise, die auf der Website von marklmiura angegeben sind, verstehen sich einschlie\u00dflich der jeweils g\u00fcltigen gesetzlichen Umsatzsteuer.<\/li>\n<li>Die entsprechenden Versandkosten werden dem Kunden im Bestellformular angegeben und sind vom Kunden zu tragen, soweit der Kunde nicht von seinem Widerrufsrecht Gebrauch macht.<\/li>\n<li>Sofern Zollgeb\u00fchren anfallen, sind diese vom Kunden zu tragen.<\/li>\n<li>F\u00fcr den Versand innerhalb Deutschlands werden alle Produkte innerhalb von sieben Werktagen in Deutschland nach Zahlungseingang per Post verschickt. F\u00fcr den Versand in L\u00e4nder der Europ\u00e4ischen Union werden alle Produkte innerhalb von neun Werktagen nach Zahlungseingang versandt. F\u00fcr den Versand in L\u00e4nder au\u00dferhalb der Europ\u00e4ischen Union werden alle Produkte innerhalb von 20 Tagen versandt.<\/li>\n<li>Das Versandrisiko tr\u00e4gt marklmiura, wenn der Kunde Verbraucher ist.<\/li>\n<li>Im Falle der Nichtzustellbarkeit aufgrund einer durch den Kunden falsch eingegebenen Lieferadresse wird ein zweiter Zustellversuch unternommen, nachdem der Kunde die Kosten f\u00fcr die Zweitzustellung gezahlt hat. Die H\u00f6he der Versandkosten f\u00fcr die Zweitzustellung betr\u00e4gt genau soviel wie die Versandkosten f\u00fcr die Erstzustellung.<\/li>\n<li>Versandkosten<\/li>\n<\/ol>\n<\/li>\n<\/ol>\n<p><strong>Versand national (innerhalb Deutschlands) <\/strong><br \/>\n2,50 euro bis 500g<br \/>\n5,00 euro \u00fcber 500g<br \/>\n<strong>Versand in andere EU-L\u00e4nder*<\/strong><br \/>\n5,60 euro bis 500g<br \/>\n17,00 euro \u00fcber 500g<br \/>\n<strong>Versand in andere L\u00e4nder<\/strong><br \/>\n5,60 euro bis 500g<br \/>\n24,00 euro \u00fcber 500g<\/p>\n<p><strong>* andere EU-L\u00e4nder<\/strong> :\u00a0Belgien, Bulgarien, D\u00e4nemark (au\u00dfer F\u00e4r\u00f6er, Gr\u00f6nland), Estland, Finnland (au\u00dfer \u00c4landinseln), Frankreich (au\u00dfer \u00fcberseeische Gebiete und Departments), Griechenland (au\u00dfer Berg Athos), \u00a0Irland, Italien (au\u00dfer Livigno und Campione d&#8217;Italia), Kroatien, Lettland, Litauen, Luxemburg, Malta, Monaco, Niederlande (au\u00dfer au\u00dfereurop\u00e4ische Gebiete), \u00d6sterreich, Polen, Portugal, Rum\u00e4nien, Schweden, Slowakei, Slowenien, Spanien (au\u00dfer Kanarische Inseln, Ceuta und Melilla), Tschechische Republik, Ungarn, Zypern (au\u00dfer Nordteil)<\/p>\n<p>&nbsp;<\/p>\n<h3>6. Zahlungsmodalit\u00e4ten<\/h3>\n<ol>\n<li>Der Kunde kann die Zahlung per Bank\u00fcberweisung oder Paypal vornehmen. Zahlungen von au\u00dferhalb Deutschlands m\u00fcssen f\u00fcr marklmiura kostenfrei sein.<\/li>\n<li>Die Zahlung des Kaufpreises ist 10 Tage nach Vertragsschluss zu Gunsten des Bankkontos von marklmiura f\u00e4llig. Ist die F\u00e4lligkeit der Zahlung nach dem Kalender bestimmt, so kommt der Kunde bereits durch Vers\u00e4umung des Termins in Verzug. In diesem Fall hat der Kunde marklmiura Verzugszinsen in H\u00f6he von 5 Prozentpunkten \u00fcber dem Basiszinssatz zu zahlen. Die Verpflichtung des Kunden zur Zahlung von Verzugszinsen schlie\u00dft die Geltendmachung weiterer Verzugssch\u00e4den durch marklmiura nicht aus.<\/li>\n<\/ol>\n<p>&nbsp;<\/p>\n<h3>7. Sachm\u00e4ngelgew\u00e4hrleistung, Garantie<\/h3>\n<ol>marklmiura haftet f\u00fcr Sachm\u00e4ngel nach den hierf\u00fcr geltenden gesetzlichen Vorschriften. Gegen\u00fcber Unternehmern betr\u00e4gt die Gew\u00e4hrleistungspflicht auf von marklmiura gelieferte Sachen 12 Monate.<\/ol>\n<p>&nbsp;<\/p>\n<h3>8. Haftung<\/h3>\n<ol>\n<li>Anspr\u00fcche des Kunden auf Schadensersatz sind ausgeschlossen. Hiervon ausgenommen sind Schadensersatzanspr\u00fcche des Kunden aus der Verletzung des Lebens, des K\u00f6rpers, der Gesundheit oder aus der Verletzung wesentlicher Vertragspflichten (Kardinalpflichten) sowie die Haftung f\u00fcr sonstige Sch\u00e4den, die auf einer vors\u00e4tzlichen oder grob fahrl\u00e4ssigen Pflichtverletzung von marklmiura, seinen gesetzlichen Vertretern oder Erf\u00fcllungsgehilfen beruhen. Wesentliche Vertragspflichten sind solche, deren Erf\u00fcllung zur Erreichung des Ziels des Vertrags notwendig ist.<\/li>\n<li>Bei der Verletzung wesentlicher Vertragspflichten haftet marklmiura nur auf den vertragstypischen, vorhersehbaren Schaden, wenn dieser einfach fahrl\u00e4ssig verursacht wurde, es sei denn, es handelt sich um Schadensersatzanspr\u00fcche des Kunden aus einer Verletzung des Lebens, des K\u00f6rpers oder der Gesundheit.<\/li>\n<li>Die Einschr\u00e4nkungen der Abs\u00e4tze 8.1. und 8.2. gelten auch zu Gunsten der gesetzlichen Vertreter und Erf\u00fcllungsgehilfen von marklmiura, wenn Anspr\u00fcche direkt gegen diese geltend gemacht werden.<\/li>\n<li>Die Vorschriften des Produkthaftungsgesetzes bleiben unber\u00fchrt.<\/li>\n<\/ol>\n<p>&nbsp;<\/p>\n<h3><a id=\"tc-revocation\"><\/a>9. Widerrufsbelehrung<\/h3>\n<ol>\n<li style=\"list-style-type: none;\">\n<ol>\n<li>Der Kunde kann seine Vertragserkl\u00e4rung innerhalb von 14 Tagen ohne Angabe von Gr\u00fcnden in Textform (z.B. Brief, E-Mail) oder telefonisch widerrufen. Der Kunde kann zur Aus\u00fcbung seines Widerrufsrechts das beigef\u00fcgte Widerrufsformular verwenden, ist aber nicht dazu verpflichtet. Die Frist beginnt nach Erhalt dieser Belehrung in Textform, jedoch nicht vor Eingang der Ware beim Empf\u00e4nger (bei der wiederkehrenden Lieferung gleichartiger Waren nicht vor Eingang der ersten Teillieferung) und auch nicht vor Erf\u00fcllung der gesetzlichen Informationspflichten von marklmiura. Zur Wahrung der Widerrufsfrist gen\u00fcgt die rechtzeitige Absendung des Widerrufs. Der Widerruf ist zu richten an:<\/li>\n<\/ol>\n<\/li>\n<\/ol>\n<p>marklmiura, Tomoe Markl<br \/>\nHobrechtstr.64, 12047 Berlin, Deutschland<br \/>\n+49(0)30-60 40 74 66<br \/>\n<a href=\"mailto:mail@marklmiura.com\">mail@marklmiura.com<br \/>\n<\/a><a href=\"http:\/\/marklmiura.com\">www.marklmiura.com<\/a><\/p>\n<ol>\n<li>Im Falle eines wirksamen Widerrufs sind die beiderseits empfangenen Leistungen zur\u00fcckzugew\u00e4hren. Falls der Kunde die empfangene Leistung nicht oder teilweise nicht oder nur in verschlechtertem Zustand zur\u00fcckgew\u00e4hrt beziehungsweise herausgibt, muss der Kunde insoweit Wertersatz leisten. F\u00fcr die Verschlechterung der Sache muss der Kunde insoweit Wertersatz leisten, soweit die Verschlechterung auf einen Umgang mit der Sache zur\u00fcckzuf\u00fchren ist, der \u00fcber die Pr\u00fcfung der Eigenschaften und der Funktionsweise hinausgeht. Unter \u201ePr\u00fcfung der Eigenschaften und der Funktionsweise\u201c versteht man das Testen und Ausprobieren der jeweiligen Ware, wie es etwa im Ladengesch\u00e4ft m\u00f6glich und \u00fcblich ist. Paketversandf\u00e4hige Sachen sind auf unsere Gefahr zur\u00fcckzusenden. Die Kosten der R\u00fccksendung von Waren tr\u00e4gt der Kunde. Nicht paketversandf\u00e4hige Sachen werden beim Kunden abgeholt. Verpflichtungen zur Erstattung von Zahlungen m\u00fcssen innerhalb von 30 Tagen erf\u00fcllt werden. Die Frist beginnt f\u00fcr den Kunden mit der Absendung seiner Widerrufserkl\u00e4rung oder der Sache, f\u00fcr marklmiura mit deren Empfang.<\/li>\n<\/ol>\n<p>&nbsp;<\/p>\n<p style=\"text-align: center;\">&#8211; Ende der Widerrufsbelehrung &#8211;<\/p>\n<hr \/>\n<h3>Muster-Widerrufsformular<\/h3>\n<p><strong>(Wenn Sie den Vertrag widerrufen wollen, dann f\u00fcllen Sie bitte dieses Formular aus und s den Sie es zur\u00fcck.)<\/strong><\/p>\n<p>An: marklmiura , Tomoe Markl, Hobrechtstr.64 12047 Berlin, Deutschland, e-mail: mail@marklmiura.com<\/p>\n<p><strong>&#8211;<\/strong>\u00a0Hiermit widerrufe(n) ich\/wir(*) den von mir\/uns(*) abgeschlossenen Vertrag \u00fcber den Kauf der folgenden Waren(*) \/ die Erringung der folgenden Dienstleistung(*).<\/p>\n<p><strong>&#8211;\u00a0<\/strong>Bestell am(*) \/ erhalten am(*)<\/p>\n<p><strong>&#8211;\u00a0<\/strong>Name des\/der Verbraucher(s)<\/p>\n<p><strong>&#8211;\u00a0<\/strong>Anschrift des\/der Verbraucher(s)<\/p>\n<p><strong>&#8211;\u00a0<\/strong>Unterschrift des\/der Verbraucher(s) (nur bei Mitteilung auf Papier)<\/p>\n<p><strong>&#8211;\u00a0<\/strong>Datum<\/p>\n<p>(*) Unzutreffendes streichen<\/p>\n<hr \/>\n<p>&nbsp;<\/p>\n<h3>10. Datenverarbeitung und Datenschutzerkl\u00e4rung<\/h3>\n<ol>\n<li>marklmiura erhebt im Rahmen der Abwicklung von Vertr\u00e4gen Daten des Kunden. marklmiura beachtet dabei insbesondere die Vorschriften des Bundesdatenschutzgesetzes und des Telemediengesetzes. Ohne Einwilligung des Kunden wird marklmiura Kundendaten nur erheben, verarbeiten oder nutzen, soweit dies f\u00fcr die Abwicklung des Vertragsverh\u00e4ltnisses und f\u00fcr die Inanspruchnahme und Abrechnung von Telemedien erforderlich ist.<\/li>\n<li>Ohne die Einwilligung des Kunden wird marklmiura Daten des Kunden nicht f\u00fcr Zwecke der Werbung, Markt- oder Meinungsforschung nutzen.<\/li>\n<li>In Bezug auf Einwilligungen des Kunden und weiterer Informationen zur Datenerhebung, -verarbeitung und -nutzung auf die Datenschutzerkl\u00e4rung verwiesen, die auf der Website von marklmiura jederzeit in ausdruckbarer Form abrufbar ist.<\/li>\n<\/ol>\n<p>&nbsp;<\/p>\n<h3>11. Schlussbestimmungen<\/h3>\n<ol>\n<li>Auf Vertr\u00e4ge zwischen marklmiura und dem Kunden findet das Recht der Bundesrepublik Deutschland unter Ausschluss des UN-Kaufrechts Anwendung.<\/li>\n<li>Sofern es sich beim Kunden um einen Kaufmann, eine juristische Person des \u00f6ffentlichen Rechts oder um ein \u00f6ffentlich-rechtliches Sonderverm\u00f6gen handelt, ist Gerichtsstand f\u00fcr alle Streitigkeiten aus Vertragsverh\u00e4ltnissen zwischen dem Kunden und marklmiura der Sitz von marklmiura.<\/li>\n<li>Der Vertrag bleibt auch bei rechtlicher Unwirksamkeit einzelner Punkte in seinen \u00fcbrigen Teilen verbindlich. Anstelle der unwirksamen Punkte treten, soweit vorhanden, die gesetzlichen Vorschriften. Soweit dies f\u00fcr eine Vertragspartei eine unzumutbare H\u00e4rte darstellen w\u00fcrde, wird der Vertrag jedoch im Ganzen unwirksam.<\/li>\n<\/ol>\n<\/div>\n<\/div>\n<br \/>\n<div class=\"small-12    large-8  columns \"   >\n<div class=\"column-inner\"  >\n<\/div>\n<\/div>\n<\/p>\n<\/div>\n  \n","protected":false},"excerpt":{"rendered":"","protected":false},"author":1,"featured_media":0,"parent":0,"menu_order":0,"comment_status":"closed","ping_status":"closed","template":"page-blank-container.php","meta":{"footnotes":""},"class_list":["post-2883","page","type-page","status-publish","hentry"],"yoast_head":"<!-- This site is optimized with the Yoast SEO plugin v27.5 - https:\/\/yoast.com\/product\/yoast-seo-wordpress\/ -->\n<title>AGBs - marklmiura<\/title>\n<meta name=\"description\" content=\"marklmiura ist ein Berliner Designlabel von simplen, eleganten, und langlebige Taschen und Accessoires aus Canvas und Leder in Handarbeit hergestellt.\" \/>\n<meta name=\"robots\" content=\"index, follow, max-snippet:-1, max-image-preview:large, max-video-preview:-1\" \/>\n<link rel=\"canonical\" href=\"https:\/\/www.marklmiura.com\/de\/agbs\/\" \/>\n<meta property=\"og:locale\" content=\"de_DE\" \/>\n<meta property=\"og:type\" content=\"article\" \/>\n<meta property=\"og:title\" content=\"AGBs - marklmiura\" \/>\n<meta property=\"og:description\" content=\"marklmiura ist ein Berliner Designlabel von simplen, eleganten, und langlebige Taschen und Accessoires aus Canvas und Leder in Handarbeit hergestellt.\" \/>\n<meta property=\"og:url\" content=\"https:\/\/www.marklmiura.com\/de\/agbs\/\" \/>\n<meta property=\"og:site_name\" content=\"marklmiura\" \/>\n<meta property=\"article:modified_time\" content=\"2021-01-04T18:36:18+00:00\" \/>\n<meta name=\"twitter:label1\" content=\"Gesch\u00e4tzte Lesezeit\" \/>\n\t<meta name=\"twitter:data1\" content=\"9\u00a0Minuten\" \/>\n<script type=\"application\/ld+json\" class=\"yoast-schema-graph\">{\"@context\":\"https:\\\/\\\/schema.org\",\"@graph\":[{\"@type\":\"WebPage\",\"@id\":\"https:\\\/\\\/www.marklmiura.com\\\/de\\\/agbs\\\/\",\"url\":\"https:\\\/\\\/www.marklmiura.com\\\/de\\\/agbs\\\/\",\"name\":\"AGBs - marklmiura\",\"isPartOf\":{\"@id\":\"https:\\\/\\\/www.marklmiura.com\\\/de\\\/#website\"},\"datePublished\":\"2014-10-06T12:34:19+00:00\",\"dateModified\":\"2021-01-04T18:36:18+00:00\",\"description\":\"marklmiura ist ein Berliner Designlabel von simplen, eleganten, und langlebige Taschen und Accessoires aus Canvas und Leder in Handarbeit hergestellt.\",\"breadcrumb\":{\"@id\":\"https:\\\/\\\/www.marklmiura.com\\\/de\\\/agbs\\\/#breadcrumb\"},\"inLanguage\":\"de\",\"potentialAction\":[{\"@type\":\"ReadAction\",\"target\":[\"https:\\\/\\\/www.marklmiura.com\\\/de\\\/agbs\\\/\"]}]},{\"@type\":\"BreadcrumbList\",\"@id\":\"https:\\\/\\\/www.marklmiura.com\\\/de\\\/agbs\\\/#breadcrumb\",\"itemListElement\":[{\"@type\":\"ListItem\",\"position\":1,\"name\":\"Home\",\"item\":\"https:\\\/\\\/www.marklmiura.com\\\/de\\\/\"},{\"@type\":\"ListItem\",\"position\":2,\"name\":\"AGBs\"}]},{\"@type\":\"WebSite\",\"@id\":\"https:\\\/\\\/www.marklmiura.com\\\/de\\\/#website\",\"url\":\"https:\\\/\\\/www.marklmiura.com\\\/de\\\/\",\"name\":\"marklmiura\",\"description\":\"\",\"potentialAction\":[{\"@type\":\"SearchAction\",\"target\":{\"@type\":\"EntryPoint\",\"urlTemplate\":\"https:\\\/\\\/www.marklmiura.com\\\/de\\\/?s={search_term_string}\"},\"query-input\":{\"@type\":\"PropertyValueSpecification\",\"valueRequired\":true,\"valueName\":\"search_term_string\"}}],\"inLanguage\":\"de\"}]}<\/script>\n<!-- \/ Yoast SEO plugin. -->","yoast_head_json":{"title":"AGBs - marklmiura","description":"marklmiura ist ein Berliner Designlabel von simplen, eleganten, und langlebige Taschen und Accessoires aus Canvas und Leder in Handarbeit hergestellt.","robots":{"index":"index","follow":"follow","max-snippet":"max-snippet:-1","max-image-preview":"max-image-preview:large","max-video-preview":"max-video-preview:-1"},"canonical":"https:\/\/www.marklmiura.com\/de\/agbs\/","og_locale":"de_DE","og_type":"article","og_title":"AGBs - marklmiura","og_description":"marklmiura ist ein Berliner Designlabel von simplen, eleganten, und langlebige Taschen und Accessoires aus Canvas und Leder in Handarbeit hergestellt.","og_url":"https:\/\/www.marklmiura.com\/de\/agbs\/","og_site_name":"marklmiura","article_modified_time":"2021-01-04T18:36:18+00:00","twitter_misc":{"Gesch\u00e4tzte Lesezeit":"9\u00a0Minuten"},"schema":{"@context":"https:\/\/schema.org","@graph":[{"@type":"WebPage","@id":"https:\/\/www.marklmiura.com\/de\/agbs\/","url":"https:\/\/www.marklmiura.com\/de\/agbs\/","name":"AGBs - marklmiura","isPartOf":{"@id":"https:\/\/www.marklmiura.com\/de\/#website"},"datePublished":"2014-10-06T12:34:19+00:00","dateModified":"2021-01-04T18:36:18+00:00","description":"marklmiura ist ein Berliner Designlabel von simplen, eleganten, und langlebige Taschen und Accessoires aus Canvas und Leder in Handarbeit hergestellt.","breadcrumb":{"@id":"https:\/\/www.marklmiura.com\/de\/agbs\/#breadcrumb"},"inLanguage":"de","potentialAction":[{"@type":"ReadAction","target":["https:\/\/www.marklmiura.com\/de\/agbs\/"]}]},{"@type":"BreadcrumbList","@id":"https:\/\/www.marklmiura.com\/de\/agbs\/#breadcrumb","itemListElement":[{"@type":"ListItem","position":1,"name":"Home","item":"https:\/\/www.marklmiura.com\/de\/"},{"@type":"ListItem","position":2,"name":"AGBs"}]},{"@type":"WebSite","@id":"https:\/\/www.marklmiura.com\/de\/#website","url":"https:\/\/www.marklmiura.com\/de\/","name":"marklmiura","description":"","potentialAction":[{"@type":"SearchAction","target":{"@type":"EntryPoint","urlTemplate":"https:\/\/www.marklmiura.com\/de\/?s={search_term_string}"},"query-input":{"@type":"PropertyValueSpecification","valueRequired":true,"valueName":"search_term_string"}}],"inLanguage":"de"}]}},"_links":{"self":[{"href":"https:\/\/www.marklmiura.com\/de\/wp-json\/wp\/v2\/pages\/2883","targetHints":{"allow":["GET"]}}],"collection":[{"href":"https:\/\/www.marklmiura.com\/de\/wp-json\/wp\/v2\/pages"}],"about":[{"href":"https:\/\/www.marklmiura.com\/de\/wp-json\/wp\/v2\/types\/page"}],"author":[{"embeddable":true,"href":"https:\/\/www.marklmiura.com\/de\/wp-json\/wp\/v2\/users\/1"}],"replies":[{"embeddable":true,"href":"https:\/\/www.marklmiura.com\/de\/wp-json\/wp\/v2\/comments?post=2883"}],"version-history":[{"count":2,"href":"https:\/\/www.marklmiura.com\/de\/wp-json\/wp\/v2\/pages\/2883\/revisions"}],"predecessor-version":[{"id":5121,"href":"https:\/\/www.marklmiura.com\/de\/wp-json\/wp\/v2\/pages\/2883\/revisions\/5121"}],"wp:attachment":[{"href":"https:\/\/www.marklmiura.com\/de\/wp-json\/wp\/v2\/media?parent=2883"}],"curies":[{"name":"wp","href":"https:\/\/api.w.org\/{rel}","templated":true}]}}